{"id":105,"date":"2016-02-10T17:27:41","date_gmt":"2016-02-10T16:27:41","guid":{"rendered":"http:\/\/sanna-werber21.de\/?page_id=105"},"modified":"2018-05-31T22:21:32","modified_gmt":"2018-05-31T20:21:32","slug":"trainerausbildung","status":"publish","type":"page","link":"https:\/\/tennisschule-hufnagel.de\/index.php\/trainerausbildung\/","title":{"rendered":"Trainerausbildung"},"content":{"rendered":"<p>[et_pb_section admin_label=&#8220;Sektion&#8220; fullwidth=&#8220;off&#8220; specialty=&#8220;on&#8220; transparent_background=&#8220;off&#8220; allow_player_pause=&#8220;off&#8220; inner_shadow=&#8220;off&#8220; parallax=&#8220;off&#8220; parallax_method=&#8220;off&#8220; padding_mobile=&#8220;off&#8220; make_fullwidth=&#8220;off&#8220; use_custom_width=&#8220;off&#8220; width_unit=&#8220;on&#8220; make_equal=&#8220;off&#8220; use_custom_gutter=&#8220;on&#8220; gutter_width=&#8220;2&#8243; parallax_1=&#8220;off&#8220; parallax_method_1=&#8220;off&#8220; parallax_2=&#8220;off&#8220; parallax_method_2=&#8220;off&#8220;][et_pb_column type=&#8220;3_4&#8243; specialty_columns=&#8220;3&#8243;][et_pb_row_inner admin_label=&#8220;Zeile&#8220; custom_padding=&#8220;|5px||&#8220; padding_mobile=&#8220;off&#8220; use_custom_gutter=&#8220;on&#8220; gutter_width=&#8220;2&#8243; column_padding_mobile=&#8220;on&#8220; make_equal=&#8220;off&#8220; parallax_1=&#8220;off&#8220; parallax_method_1=&#8220;off&#8220; parallax_2=&#8220;off&#8220; parallax_method_2=&#8220;off&#8220;][et_pb_column_inner type=&#8220;1_2&#8243; saved_specialty_column_type=&#8220;3_4&#8243;][et_pb_image admin_label=&#8220;Bild&#8220; src=&#8220;https:\/\/tennisschule-hufnagel.de\/wp-content\/uploads\/2016\/02\/Logo_US.TA_.jpg&#8220; show_in_lightbox=&#8220;off&#8220; url_new_window=&#8220;off&#8220; use_overlay=&#8220;off&#8220; animation=&#8220;fade_in&#8220; sticky=&#8220;off&#8220; align=&#8220;left&#8220; force_fullwidth=&#8220;off&#8220; always_center_on_mobile=&#8220;on&#8220; use_border_color=&#8220;off&#8220; border_color=&#8220;#ffffff&#8220; border_style=&#8220;solid&#8220; max_width=&#8220;250px&#8220;]<\/p>\n<p>&nbsp;<\/p>\n<p>[\/et_pb_image][\/et_pb_column_inner][et_pb_column_inner type=&#8220;1_2&#8243; saved_specialty_column_type=&#8220;3_4&#8243;][\/et_pb_column_inner][\/et_pb_row_inner][et_pb_row_inner admin_label=&#8220;Zeile&#8220;][et_pb_column_inner type=&#8220;4_4&#8243; saved_specialty_column_type=&#8220;3_4&#8243;][et_pb_text admin_label=&#8220;Text&#8220; background_layout=&#8220;light&#8220; text_orientation=&#8220;left&#8220; use_border_color=&#8220;off&#8220; border_color=&#8220;#ffffff&#8220; border_style=&#8220;solid&#8220;]<\/p>\n<h2>US-Tennis-Trainer-Academy<\/h2>\n<p>Meine T\u00e4tigkeit in der Academy bezieht sich auf die Aus- und Weiterbildung von Tennistrainern, anerkannt durch die Bezirksregierung in Arnsberg. (NRW , \u00a74 , Nr.21 a bb USt.Ges.)<\/p>\n<p>Es werden zeitgleich durchgef\u00fchrt Lehrg\u00e4nge zum<\/p>\n<p><strong>C-Trainer<\/strong> (Tennistrainer-Grundausbildung \u2013 US.TA)<br \/>\nVoraussetzung: gute Zu- und Mitspielf\u00e4higkeiten<\/p>\n<p><strong>B-Trainer<\/strong> (Berufstennistrainer \u2013 US.TA)<br \/>\nVoraussetzung: C-Lizenz oder Vorerfahrungen als Tennistrainer<br \/>\nmit sehr guter Zu.-und Mitspielf\u00e4higkeit.<\/p>\n<p><strong>A-Trainer<\/strong> (Diplom-Tennistrainer \u2013 US.TA)<br \/>\nVoraussetzung : US.TA &#8211; B-Lizenz oder vergleichbare Lizenzen anderer Verb\u00e4nde oder langj\u00e4hrige Erfahrung als Tennistrainer.<\/p>\n<p>Die Lehrgangsdauer betr\u00e4gt inklusive Sichtung, Schulung und Lehrprobe zwei, drei oder vier Tage.<br \/>\nDurch die begrenzte Anzahl der Seminarteilnehmer (max. 5) sind wir in der Lage, uns um jeden Einzelnen pers\u00f6nlich zu k\u00fcmmern!<\/p>\n<p>Anmeldung bitte per E-Mail mit Name, Telefon, Anschrift, Alter und Spielst\u00e4rke bzw. Tennistrainererfahrung: <strong><a href=\"mailto:stefan.hufnagel@koeln.de\"><span style=\"color: #015e6e;\">stefan.hufnagel@koeln.de<\/span><\/a><\/strong><\/p>\n<p>[\/et_pb_text][\/et_pb_column_inner][\/et_pb_row_inner][\/et_pb_column][et_pb_column type=&#8220;1_4&#8243;][et_pb_text admin_label=&#8220;Text&#8220; background_layout=&#8220;light&#8220; text_orientation=&#8220;left&#8220; use_border_color=&#8220;on&#8220; border_color=&#8220;#fab08b&#8220; border_style=&#8220;solid&#8220; background_color=&#8220;#c9e1f6&#8243; custom_padding=&#8220;5px|10px|10px|10px&#8220; border_width=&#8220;1&#8243;]<\/p>\n<h2>Tennis-Trainer Ausbildung<\/h2>\n<p><strong>Individuelle Termine f\u00fcr den Ausbildungsstandort K\u00f6ln\/Bergisch Gladbach sind nach Vereinbarung m\u00f6glich.<\/strong><\/p>\n<p>Fordern Sie bitte unsere kostenlose Info-Mappe an, damit Sie sich einen ersten \u00dcberblick verschaffen k\u00f6nnen. Weiterhin erhalten Sie Beispiele verschiedener Lehrproben (C &#8211; B &#8211; und A &#8211; Lizenzen). Sie k\u00f6nnen dort nachlesen, was gefordert wird!<\/p>\n<p>Sie haben noch konkrete Fragen zu unserem Angebot oder zu Preisen?<\/p>\n<p>Dann melden Sie sich bei mir:<br \/>\n<strong><a href=\"mailto:stefan.hufnagel@koeln.de\"><span style=\"color: #015e6e;\">stefan.hufnagel@koeln.de<\/span><\/a><\/strong><\/p>\n<p>[\/et_pb_text][\/et_pb_column][\/et_pb_section]<\/p>\n","protected":false},"excerpt":{"rendered":"<p>[et_pb_section admin_label=&#8220;Sektion&#8220; fullwidth=&#8220;off&#8220; specialty=&#8220;on&#8220; transparent_background=&#8220;off&#8220; allow_player_pause=&#8220;off&#8220; inner_shadow=&#8220;off&#8220; parallax=&#8220;off&#8220; parallax_method=&#8220;off&#8220; padding_mobile=&#8220;off&#8220; make_fullwidth=&#8220;off&#8220; use_custom_width=&#8220;off&#8220; width_unit=&#8220;on&#8220; make_equal=&#8220;off&#8220; use_custom_gutter=&#8220;on&#8220; gutter_width=&#8220;2&#8243; parallax_1=&#8220;off&#8220; parallax_method_1=&#8220;off&#8220; parallax_2=&#8220;off&#8220; parallax_method_2=&#8220;off&#8220;][et_pb_column type=&#8220;3_4&#8243; specialty_columns=&#8220;3&#8243;][et_pb_row_inner admin_label=&#8220;Zeile&#8220; custom_padding=&#8220;|5px||&#8220; padding_mobile=&#8220;off&#8220; use_custom_gutter=&#8220;on&#8220; gutter_width=&#8220;2&#8243; column_padding_mobile=&#8220;on&#8220; make_equal=&#8220;off&#8220; parallax_1=&#8220;off&#8220; parallax_method_1=&#8220;off&#8220; parallax_2=&#8220;off&#8220; parallax_method_2=&#8220;off&#8220;][et_pb_column_inner type=&#8220;1_2&#8243; saved_specialty_column_type=&#8220;3_4&#8243;][et_pb_image admin_label=&#8220;Bild&#8220; src=&#8220;https:\/\/tennisschule-hufnagel.de\/wp-content\/uploads\/2016\/02\/Logo_US.TA_.jpg&#8220; show_in_lightbox=&#8220;off&#8220; url_new_window=&#8220;off&#8220; use_overlay=&#8220;off&#8220; animation=&#8220;fade_in&#8220; sticky=&#8220;off&#8220; align=&#8220;left&#8220; force_fullwidth=&#8220;off&#8220; always_center_on_mobile=&#8220;on&#8220; use_border_color=&#8220;off&#8220; border_color=&#8220;#ffffff&#8220; border_style=&#8220;solid&#8220; max_width=&#8220;250px&#8220;] &nbsp; [\/et_pb_image][\/et_pb_column_inner][et_pb_column_inner type=&#8220;1_2&#8243; saved_specialty_column_type=&#8220;3_4&#8243;][\/et_pb_column_inner][\/et_pb_row_inner][et_pb_row_inner admin_label=&#8220;Zeile&#8220;][et_pb_column_inner type=&#8220;4_4&#8243; [&hellip;]<\/p>\n","protected":false},"author":1,"featured_media":0,"parent":0,"menu_order":0,"comment_status":"closed","ping_status":"closed","template":"","meta":{"_et_pb_use_builder":"on","_et_pb_old_content":"","_et_gb_content_width":""},"_links":{"self":[{"href":"https:\/\/tennisschule-hufnagel.de\/index.php\/wp-json\/wp\/v2\/pages\/105"}],"collection":[{"href":"https:\/\/tennisschule-hufnagel.de\/index.php\/wp-json\/wp\/v2\/pages"}],"about":[{"href":"https:\/\/tennisschule-hufnagel.de\/index.php\/wp-json\/wp\/v2\/types\/page"}],"author":[{"embeddable":true,"href":"https:\/\/tennisschule-hufnagel.de\/index.php\/wp-json\/wp\/v2\/users\/1"}],"replies":[{"embeddable":true,"href":"https:\/\/tennisschule-hufnagel.de\/index.php\/wp-json\/wp\/v2\/comments?post=105"}],"version-history":[{"count":31,"href":"https:\/\/tennisschule-hufnagel.de\/index.php\/wp-json\/wp\/v2\/pages\/105\/revisions"}],"predecessor-version":[{"id":412,"href":"https:\/\/tennisschule-hufnagel.de\/index.php\/wp-json\/wp\/v2\/pages\/105\/revisions\/412"}],"wp:attachment":[{"href":"https:\/\/tennisschule-hufnagel.de\/index.php\/wp-json\/wp\/v2\/media?parent=105"}],"curies":[{"name":"wp","href":"https:\/\/api.w.org\/{rel}","templated":true}]}}